{"id":12002,"date":"2024-02-19T08:12:34","date_gmt":"2024-02-19T09:12:34","guid":{"rendered":"https:\/\/www.produccions.tv\/accesibilidad-web\/"},"modified":"2024-02-19T08:12:35","modified_gmt":"2024-02-19T09:12:35","slug":"accesibilidad-web","status":"publish","type":"page","link":"https:\/\/www.produccions.tv\/es\/accesibilidad-web\/","title":{"rendered":"Accesibilidad web"},"content":{"rendered":"<p>[et_pb_section fb_built=\u00bb1&#8243; _builder_version=\u00bb4.24.0&#8243; _module_preset=\u00bbdefault\u00bb background_color=\u00bb#2b2222&#8243; global_colors_info=\u00bb{}\u00bb][et_pb_row _builder_version=\u00bb4.23.4&#8243; _module_preset=\u00bb_initial\u00bb global_colors_info=\u00bb{}\u00bb][et_pb_column type=\u00bb4_4&#8243; _builder_version=\u00bb4.23.4&#8243; _module_preset=\u00bbdefault\u00bb global_colors_info=\u00bb{}\u00bb][et_pb_text _builder_version=\u00bb4.24.0&#8243; _module_preset=\u00bbdefault\u00bb background_layout=\u00bbdark\u00bb hover_enabled=\u00bb0&#8243; global_colors_info=\u00bb{}\u00bb sticky_enabled=\u00bb0&#8243;]<\/p>\n<h1>Accesibilidad<\/h1>\n<p>PUNT TV COMUNICACIO AUDIVISUAL SL. se compromete a hacer que el sitio web <a href=\"produccions.tv.net\">produccions.tv.net<\/a>, siga siendo accesible para todos los usuarios, incluyendo personas con discapacidad. Estamos comprometidos a garantizar que nuestro sitio web cumple los est\u00e1ndares de accesibilidad web de nivel AA de la WCAG 2.1.<\/p>\n<h2>Situaci\u00f3n de cumplimiento<\/h2>\n<p>Las Pautas de Accesibilidad para el Contenido Web (WCAG) definen los requisitos para dise\u00f1adores y desarrolladores para mejorar la accesibilidad para personas con discapacidad. Se definen tres niveles de conformidad: Nivel A, Nivel AA y Nivel AAA. <a href=\"produccions.tv.net\">produccions.tv.net<\/a> cumple parcialmente con WCAG 2.1 Nivel AA. Parcialmente conforme significa que algunas partes del contenido no cumplen completamente el est\u00e1ndar de accesibilidad.<\/p>\n<h2>Contenido no accesible<\/h2>\n<p>Pueden existir documentos ofim\u00e1ticos en PDF y otros formatos que no cumplan totalmente los requisitos de accesibilidad. Se pueden solicitar los documentos completamente accesibles desde el formulario de contacto.<\/p>\n<p>Podr\u00edan existir errores de c\u00f3digo puntuales de edici\u00f3n en alguna p\u00e1gina web.<\/p>\n<h2>Feedback<\/h2>\n<p>Estamos comprometidos a seguir mejorando la accesibilidad de nuestro sitio web para garantizar que siga siendo accesible para todos. Si tienes alguna pregunta o sugerencia, por favor contacte con nosotros.<\/p>\n<p>Signatura: PUNT TV COMUNICACIO AUDIVISUAL SL.<br \/>Fecha: 01 de febrero de 2024<\/p>\n<p>[\/et_pb_text][\/et_pb_column][\/et_pb_row][\/et_pb_section]<\/p>\n","protected":false},"excerpt":{"rendered":"<p>Accesibilidad PUNT TV COMUNICACIO AUDIVISUAL SL. se compromete a hacer que el sitio web produccions.tv.net, siga siendo accesible para todos los usuarios, incluyendo personas con discapacidad. Estamos comprometidos a garantizar que nuestro sitio web cumple los est\u00e1ndares de accesibilidad web de nivel AA de la WCAG 2.1. Situaci\u00f3n de cumplimiento Las Pautas de Accesibilidad para [&hellip;]<\/p>\n","protected":false},"author":7,"featured_media":0,"parent":0,"menu_order":0,"comment_status":"closed","ping_status":"closed","template":"","meta":{"_acf_changed":false,"_et_pb_use_builder":"on","_et_pb_old_content":"","_et_gb_content_width":"","content-type":"","footnotes":""},"dipi_cpt_category":[],"acf":[],"_links":{"self":[{"href":"https:\/\/www.produccions.tv\/es\/wp-json\/wp\/v2\/pages\/12002"}],"collection":[{"href":"https:\/\/www.produccions.tv\/es\/wp-json\/wp\/v2\/pages"}],"about":[{"href":"https:\/\/www.produccions.tv\/es\/wp-json\/wp\/v2\/types\/page"}],"author":[{"embeddable":true,"href":"https:\/\/www.produccions.tv\/es\/wp-json\/wp\/v2\/users\/7"}],"replies":[{"embeddable":true,"href":"https:\/\/www.produccions.tv\/es\/wp-json\/wp\/v2\/comments?post=12002"}],"version-history":[{"count":2,"href":"https:\/\/www.produccions.tv\/es\/wp-json\/wp\/v2\/pages\/12002\/revisions"}],"predecessor-version":[{"id":12004,"href":"https:\/\/www.produccions.tv\/es\/wp-json\/wp\/v2\/pages\/12002\/revisions\/12004"}],"wp:attachment":[{"href":"https:\/\/www.produccions.tv\/es\/wp-json\/wp\/v2\/media?parent=12002"}],"wp:term":[{"taxonomy":"dipi_cpt_category","embeddable":true,"href":"https:\/\/www.produccions.tv\/es\/wp-json\/wp\/v2\/dipi_cpt_category?post=12002"}],"curies":[{"name":"wp","href":"https:\/\/api.w.org\/{rel}","templated":true}]}}