{"id":12051,"date":"2024-02-19T08:57:24","date_gmt":"2024-02-19T09:57:24","guid":{"rendered":"https:\/\/www.produccions.tv\/politica-de-cookies\/"},"modified":"2024-02-21T07:23:23","modified_gmt":"2024-02-21T08:23:23","slug":"politica-de-cookies","status":"publish","type":"page","link":"https:\/\/www.produccions.tv\/es\/politica-de-cookies\/","title":{"rendered":"Pol\u00edtica de cookies"},"content":{"rendered":"<p>[et_pb_section fb_built=\u00bb1&#8243; admin_label=\u00bbsection\u00bb _builder_version=\u00bb4.16&#8243; global_colors_info=\u00bb{}\u00bb][et_pb_row admin_label=\u00bbrow\u00bb _builder_version=\u00bb4.16&#8243; background_size=\u00bbinitial\u00bb background_position=\u00bbtop_left\u00bb background_repeat=\u00bbrepeat\u00bb global_colors_info=\u00bb{}\u00bb][et_pb_column type=\u00bb4_4&#8243; _builder_version=\u00bb4.16&#8243; custom_padding=\u00bb|||\u00bb global_colors_info=\u00bb{}\u00bb custom_padding__hover=\u00bb|||\u00bb][et_pb_text admin_label=\u00bbText\u00bb _builder_version=\u00bb4.24.0&#8243; background_size=\u00bbinitial\u00bb background_position=\u00bbtop_left\u00bb background_repeat=\u00bbrepeat\u00bb global_colors_info=\u00bb{}\u00bb]<\/p>\n<h1>Pol\u00edtica de cookies<\/h1>\n<h2>Sobre esta pol\u00edtica de cookies.<\/h2>\n<p>Este sitio web utiliza cookies propias y de terceros para ofrecerle una mejor experiencia y servicio. Al navegar o utilizar nuestros servicios el usuario acepta el uso que hacemos de las cookies. Sin embargo, el usuario tiene la opci\u00f3n de impedir la generaci\u00f3n de cookies y la eliminaci\u00f3n de las cookies mediante la selecci\u00f3n correspondiente. Para obtener m\u00e1s informaci\u00f3n sobre qui\u00e9nes somos, c\u00f3mo puede contactar con nosotros y c\u00f3mo procesamos sus datos personales consulte nuestra <a href=\"\/politica-privacitat\/\">Pol\u00edtica de privacidad<\/a>.<br \/>\nSu consentimiento se aplica a los dominios siguientes: <a href=\"http:\/\/punttv.net\" target=\"_blank\" rel=\"noopener\">punttv.net<\/a> [user_consent_state]<\/p>\n<h2>\u00bfQu\u00e9 son las cookies?<\/h2>\n<p>Las cookies son peque\u00f1os archivos de texto que se utilizan para almacenar peque\u00f1as cantidades de informaci\u00f3n. Las cookies se almacenan en su dispositivo cuando se carga el sitio web en su navegador. Estas cookies nos ayudan a hacer que el sitio web funcione correctamente, a hacerlo m\u00e1s seguro, a ofrecer una mejor experiencia de usuario y a entender c\u00f3mo funciona el sitio web y a analizar qu\u00e9 funciona y c\u00f3mo mejorar.<\/p>\n<h2>\u00bfC\u00f3mo utilizamos las cookies?<\/h2>\n<p>Como la mayor\u00eda de los servicios en l\u00ednea, nuestro sitio web utiliza cookies propias y de terceros para diversos prop\u00f3sitos. Las cookies propias son b\u00e1sicamente necesarias para que el sitio web funcione correctamente y no recogen ninguno de sus datos de identificaci\u00f3n personal. Las cookies de terceros que se utilizan en nuestros sitios web sirven principalmente para entender c\u00f3mo funciona el sitio web, c\u00f3mo interactuamos con nuestro sitio web, mantener nuestros servicios seguros, ofrecer anuncios que sean relevantes. Todo esto, sirve para ofrecerte una mejor experiencia de usuario y ayudarte a acelerar tus futuras interacciones con nuestro sitio web.<\/p>\n<h2>\u00bfQu\u00e9 tipo de cookies utilizamos?<\/h2>\n<p>Las cookies que sirven a nuestro sitio web est\u00e1n agrupadas en las siguientes categor\u00edas. [cookie_category]<br \/>\nLa siguiente lista detalla las cookies utilizadas en nuestro sitio web. [cookie_audit_category columns=\u00bbcookie,description\u00bb]<\/p>\n<h2>\u00bfC\u00f3mo puedo controlar las preferencias de las cookies?<\/h2>\n<p>Puede gestionar sus preferencias de cookies haciendo clic en el bot\u00f3n \u00abConfiguraci\u00f3n\u00bb y activando o desactivando las categor\u00edas de cookies seg\u00fan sus preferencias. Si decides cambiar tus preferencias m\u00e1s tarde durante tu sesi\u00f3n de navegaci\u00f3n, puedes hacer clic en la pesta\u00f1a \u00abGestionar el consentimiento\u00bb de tu pantalla. Esto te mostrar\u00e1 el aviso de consentimiento que te permitir\u00e1 cambiar tus preferencias o retirar tu consentimiento completamente. Adem\u00e1s, diferentes navegadores ofrecen diferentes m\u00e9todos para bloquear y eliminar las cookies utilizadas en los sitios web. Puede cambiar la configuraci\u00f3n de su navegador para bloquear\/eliminar las cookies.<br \/>\nPara obtener m\u00e1s informaci\u00f3n sobre c\u00f3mo gestionar y eliminar las cookies, visite <a href=\"http:\/\/wikipedia.org\" target=\"_blank\" rel=\"noopener\">wikipedia.org<\/a>, <a href=\"http:\/\/www.allaboutcookies.org\" target=\"_blank\" rel=\"noopener\">www.allaboutcookies.org<\/a>.[\/et_pb_text][\/et_pb_column][\/et_pb_row][\/et_pb_section]<\/p>\n","protected":false},"excerpt":{"rendered":"<p>Pol\u00edtica de cookies Sobre esta pol\u00edtica de cookies. Este sitio web utiliza cookies propias y de terceros para ofrecerle una mejor experiencia y servicio. Al navegar o utilizar nuestros servicios el usuario acepta el uso que hacemos de las cookies. Sin embargo, el usuario tiene la opci\u00f3n de impedir la generaci\u00f3n de cookies y la [&hellip;]<\/p>\n","protected":false},"author":7,"featured_media":0,"parent":0,"menu_order":0,"comment_status":"closed","ping_status":"closed","template":"","meta":{"_acf_changed":false,"_et_pb_use_builder":"on","_et_pb_old_content":"","_et_gb_content_width":"","content-type":"","footnotes":""},"dipi_cpt_category":[],"acf":[],"_links":{"self":[{"href":"https:\/\/www.produccions.tv\/es\/wp-json\/wp\/v2\/pages\/12051"}],"collection":[{"href":"https:\/\/www.produccions.tv\/es\/wp-json\/wp\/v2\/pages"}],"about":[{"href":"https:\/\/www.produccions.tv\/es\/wp-json\/wp\/v2\/types\/page"}],"author":[{"embeddable":true,"href":"https:\/\/www.produccions.tv\/es\/wp-json\/wp\/v2\/users\/7"}],"replies":[{"embeddable":true,"href":"https:\/\/www.produccions.tv\/es\/wp-json\/wp\/v2\/comments?post=12051"}],"version-history":[{"count":6,"href":"https:\/\/www.produccions.tv\/es\/wp-json\/wp\/v2\/pages\/12051\/revisions"}],"predecessor-version":[{"id":12970,"href":"https:\/\/www.produccions.tv\/es\/wp-json\/wp\/v2\/pages\/12051\/revisions\/12970"}],"wp:attachment":[{"href":"https:\/\/www.produccions.tv\/es\/wp-json\/wp\/v2\/media?parent=12051"}],"wp:term":[{"taxonomy":"dipi_cpt_category","embeddable":true,"href":"https:\/\/www.produccions.tv\/es\/wp-json\/wp\/v2\/dipi_cpt_category?post=12051"}],"curies":[{"name":"wp","href":"https:\/\/api.w.org\/{rel}","templated":true}]}}