{"id":7336,"date":"2019-04-24T09:51:15","date_gmt":"2019-04-24T09:51:15","guid":{"rendered":"https:\/\/www.produccions.tv\/inici\/"},"modified":"2024-02-26T10:26:05","modified_gmt":"2024-02-26T11:26:05","slug":"inicio","status":"publish","type":"page","link":"https:\/\/www.produccions.tv\/es\/","title":{"rendered":"Inicio"},"content":{"rendered":"<p>[et_pb_section fb_built=\u00bb1&#8243; custom_padding_last_edited=\u00bbon|phone\u00bb _builder_version=\u00bb4.24.0&#8243; _module_preset=\u00bbdefault\u00bb background_video_mp4=\u00bbhttps:\/\/www.produccions.tv\/wp-content\/uploads\/2021\/03\/2021_03_22-Reel-punttv-febrer-2022-2kbps.mp4&#8243; custom_padding=\u00bb60vh||0px||false|false\u00bb custom_padding_tablet=\u00bb40vh||0px||false|false\u00bb custom_padding_phone=\u00bb15vh||||false|false\u00bb global_colors_info=\u00bb{}\u00bb][et_pb_row column_structure=\u00bb2_5,3_5&#8243; make_equal=\u00bbon\u00bb module_class=\u00bbalign-items-flex-end\u00bb _builder_version=\u00bb4.24.0&#8243; _module_preset=\u00bbdefault\u00bb custom_padding=\u00bb||0px||false|false\u00bb global_colors_info=\u00bb{}\u00bb][et_pb_column type=\u00bb2_5&#8243; module_class=\u00bbtitol-punttv-h1&#8243; _builder_version=\u00bb4.24.0&#8243; _module_preset=\u00bbdefault\u00bb global_colors_info=\u00bb{}\u00bb][et_pb_text _builder_version=\u00bb4.24.0&#8243; _module_preset=\u00bbdefault\u00bb background_layout=\u00bbdark\u00bb header_font_size_tablet=\u00bb\u00bb header_font_size_phone=\u00bb36px\u00bb header_font_size_last_edited=\u00bbon|phone\u00bb global_colors_info=\u00bb{}\u00bb]<\/p>\n<h1>Punt TV<\/h1>\n<p>[\/et_pb_text][\/et_pb_column][et_pb_column type=\u00bb3_5&#8243; _builder_version=\u00bb4.24.0&#8243; _module_preset=\u00bbdefault\u00bb global_colors_info=\u00bb{}\u00bb][et_pb_cta title=\u00bbProductora Audiovisual Barcelona\u00bb button_url=\u00bb@ET-DC@eyJkeW5hbWljIjp0cnVlLCJjb250ZW50IjoicG9zdF9saW5rX3VybF9wYWdlIiwic2V0dGluZ3MiOnsicG9zdF9pZCI6IjEwMTUwIn19@\u00bb button_text=\u00bbVer servicios\u00bb module_class=\u00bbcta-header-home\u00bb _builder_version=\u00bb4.24.0&#8243; _dynamic_attributes=\u00bbbutton_url\u00bb _module_preset=\u00bbdefault\u00bb header_font_size=\u00bb28px\u00bb body_font_size=\u00bb26px\u00bb button_alignment=\u00bbright\u00bb background_layout=\u00bbdark\u00bb custom_margin=\u00bb||15px||false|false\u00bb global_colors_info=\u00bb{}\u00bb]<\/p>\n<p>Contamos tu historia.<\/p>\n<p>[\/et_pb_cta][\/et_pb_column][\/et_pb_row][\/et_pb_section][et_pb_section fb_built=\u00bb1&#8243; _builder_version=\u00bb4.24.0&#8243; _module_preset=\u00bbdefault\u00bb global_colors_info=\u00bb{}\u00bb][et_pb_row _builder_version=\u00bb4.24.0&#8243; _module_preset=\u00bbdefault\u00bb global_colors_info=\u00bb{}\u00bb][et_pb_column type=\u00bb4_4&#8243; _builder_version=\u00bb4.24.0&#8243; _module_preset=\u00bbdefault\u00bb global_colors_info=\u00bb{}\u00bb][et_pb_text _builder_version=\u00bb4.24.0&#8243; _module_preset=\u00bbdefault\u00bb header_2_text_color=\u00bb#c30712&#8243; text_orientation=\u00bbcenter\u00bb global_colors_info=\u00bb{}\u00bb]<\/p>\n<h2>Nuestros proyectos audiovisuales<\/h2>\n<p>[\/et_pb_text][et_pb_portfolio posts_number=\u00bb6&#8243; include_categories=\u00bb154&#8243; show_categories=\u00bboff\u00bb show_pagination=\u00bboff\u00bb _builder_version=\u00bb4.24.0&#8243; _module_preset=\u00bbdefault\u00bb title_level=\u00bbh3&#8243; title_font_size=\u00bb18px\u00bb global_colors_info=\u00bb{}\u00bb][\/et_pb_portfolio][\/et_pb_column][\/et_pb_row][\/et_pb_section][et_pb_section fb_built=\u00bb1&#8243; disabled_on=\u00bbon|on|off\u00bb _builder_version=\u00bb4.24.0&#8243; _module_preset=\u00bbdefault\u00bb custom_padding=\u00bb||0px||false|false\u00bb global_colors_info=\u00bb{}\u00bb][et_pb_row _builder_version=\u00bb4.24.0&#8243; _module_preset=\u00bbdefault\u00bb width=\u00bb100%\u00bb max_width=\u00bb100%\u00bb custom_padding=\u00bb||0px||false|false\u00bb global_colors_info=\u00bb{}\u00bb][et_pb_column type=\u00bb4_4&#8243; _builder_version=\u00bb4.24.0&#8243; _module_preset=\u00bbdefault\u00bb global_colors_info=\u00bb{}\u00bb][dipi_carousel columns=\u00bb2&#8243; space_between=\u00bb10&#8243; container_padding=\u00bb0px|30px|0px||false|false\u00bb speed=\u00bb6000&#8243; loop_wide=\u00bbon\u00bb autoplay_wide=\u00bbon\u00bb continues_wide=\u00bbon\u00bb pause_on_hover_wide=\u00bboff\u00bb autoplay_speed_wide=\u00bb7000&#8243; show_lightbox=\u00bboff\u00bb dynamic_bullets=\u00bboff\u00bb module_class=\u00bbtext-scroll-inici\u00bb _builder_version=\u00bb4.24.0&#8243; _module_preset=\u00bbdefault\u00bb title_text_color=\u00bb#c30712&#8243; title_font_size=\u00bb90px\u00bb global_colors_info=\u00bb{}\u00bb][dipi_carousel_child label=\u00bbwe think.\u00bb title_text=\u00bbwe think.\u00bb _builder_version=\u00bb4.24.0&#8243; _module_preset=\u00bbdefault\u00bb global_colors_info=\u00bb{}\u00bb][\/dipi_carousel_child][dipi_carousel_child label=\u00bbwe shoot.\u00bb title_text=\u00bbwe shoot.\u00bb _builder_version=\u00bb4.24.0&#8243; _module_preset=\u00bbdefault\u00bb global_colors_info=\u00bb{}\u00bb][\/dipi_carousel_child][dipi_carousel_child label=\u00bbwe create your video.\u00bb title_text=\u00bbwe create your video.\u00bb _builder_version=\u00bb4.24.0&#8243; _module_preset=\u00bbdefault\u00bb global_colors_info=\u00bb{}\u00bb][\/dipi_carousel_child][dipi_carousel_child label=\u00bbwe think.\u00bb title_text=\u00bbwe think.\u00bb _builder_version=\u00bb4.24.0&#8243; _module_preset=\u00bbdefault\u00bb global_colors_info=\u00bb{}\u00bb][\/dipi_carousel_child][dipi_carousel_child label=\u00bbwe shoot.\u00bb title_text=\u00bbwe shoot.\u00bb _builder_version=\u00bb4.24.0&#8243; _module_preset=\u00bbdefault\u00bb global_colors_info=\u00bb{}\u00bb][\/dipi_carousel_child][dipi_carousel_child label=\u00bbwe create your video.\u00bb title_text=\u00bbwe create your video.\u00bb _builder_version=\u00bb4.24.0&#8243; _module_preset=\u00bbdefault\u00bb global_colors_info=\u00bb{}\u00bb][\/dipi_carousel_child][\/dipi_carousel][\/et_pb_column][\/et_pb_row][\/et_pb_section][et_pb_section fb_built=\u00bb1&#8243; _builder_version=\u00bb4.24.0&#8243; _module_preset=\u00bbdefault\u00bb background_color=\u00bb#c30712&#8243; global_colors_info=\u00bb{}\u00bb][et_pb_row column_structure=\u00bb3_5,2_5&#8243; _builder_version=\u00bb4.24.0&#8243; _module_preset=\u00bbdefault\u00bb global_colors_info=\u00bb{}\u00bb][et_pb_column type=\u00bb3_5&#8243; _builder_version=\u00bb4.24.0&#8243; _module_preset=\u00bbdefault\u00bb global_colors_info=\u00bb{}\u00bb][et_pb_cta title=\u00bbLa productora\u00bb button_url=\u00bb@ET-DC@eyJkeW5hbWljIjp0cnVlLCJjb250ZW50IjoicG9zdF9saW5rX3VybF9wYWdlIiwic2V0dGluZ3MiOnsicG9zdF9pZCI6IjU3NjcifX0=@\u00bb button_text=\u00bbSobre la productora\u00bb _builder_version=\u00bb4.24.0&#8243; _dynamic_attributes=\u00bbbutton_url\u00bb _module_preset=\u00bbf25bc0ff-8493-45de-b73f-c14c50e4714b\u00bb global_colors_info=\u00bb{}\u00bb]<\/p>\n<p>Punttv somos Productora Audiovisual <strong>especializada en Videomarketing<\/strong>. Nuestro objetivo es crear piezas audiovisuales que hagan destacar a nuestros clientes y sus marcas de una manera atractiva, inspiradora y diferenciadora.<\/p>\n<p>El videomarketing es la herramienta ideal para darse a conocer al p\u00fablico, atraerlo y fidelizarlo. En este web podr\u00e1s conocer c\u00f3mo trabajamos, qui\u00e9nes somos y qu\u00e9 servicios te podemos ofrecer.<\/p>\n<p>[\/et_pb_cta][\/et_pb_column][et_pb_column type=\u00bb2_5&#8243; _builder_version=\u00bb4.24.0&#8243; _module_preset=\u00bbdefault\u00bb global_colors_info=\u00bb{}\u00bb][\/et_pb_column][\/et_pb_row][\/et_pb_section][et_pb_section fb_built=\u00bb1&#8243; _builder_version=\u00bb4.24.0&#8243; _module_preset=\u00bbdefault\u00bb background_image=\u00bbhttps:\/\/www.produccions.tv\/wp-content\/uploads\/2024\/01\/equip-productora-audiovisual-especialitzada-videomarketing-PuntTV-scaled.jpg\u00bb custom_padding=\u00bb||30vh||false|false\u00bb global_colors_info=\u00bb{}\u00bb][et_pb_row column_structure=\u00bb1_2,1_2&#8243; _builder_version=\u00bb4.24.0&#8243; _module_preset=\u00bbdefault\u00bb global_colors_info=\u00bb{}\u00bb][et_pb_column type=\u00bb1_2&#8243; _builder_version=\u00bb4.24.0&#8243; _module_preset=\u00bbdefault\u00bb global_colors_info=\u00bb{}\u00bb][et_pb_cta title=\u00bbEl equipo\u00bb button_url=\u00bb@ET-DC@eyJkeW5hbWljIjp0cnVlLCJjb250ZW50IjoicG9zdF9saW5rX3VybF9wYWdlIiwic2V0dGluZ3MiOnsicG9zdF9pZCI6IjU3NjcifX0=@\u00bb button_text=\u00bbConocer el equipo\u00bb _builder_version=\u00bb4.24.0&#8243; _dynamic_attributes=\u00bbbutton_url\u00bb _module_preset=\u00bbdefault\u00bb background_layout=\u00bbdark\u00bb global_colors_info=\u00bb{}\u00bb]<\/p>\n<p>La educaci\u00f3n, la trayectoria profesional y la experticia constituyen las fuentes que nos han habilitado para forjar un equipo de trabajo robusto y de diversas disciplinas desde el a\u00f1o 2001. Nos dedicamos a desarrollar constantes conceptos vanguardistas, asegur\u00e1ndonos de que nuestras producciones destacan en el campo audiovisual, siempre un paso por delante.<\/p>\n<p>[\/et_pb_cta][\/et_pb_column][et_pb_column type=\u00bb1_2&#8243; _builder_version=\u00bb4.24.0&#8243; _module_preset=\u00bbdefault\u00bb global_colors_info=\u00bb{}\u00bb][\/et_pb_column][\/et_pb_row][\/et_pb_section][et_pb_section fb_built=\u00bb1&#8243; _builder_version=\u00bb4.24.0&#8243; _module_preset=\u00bbdefault\u00bb background_color=\u00bbgcid-b647e106-9aaf-4427-b21e-d397c0965e1f\u00bb global_module=\u00bb10722&#8243; saved_tabs=\u00bball\u00bb global_colors_info=\u00bb{%22gcid-b647e106-9aaf-4427-b21e-d397c0965e1f%22:%91%22background_color%22%93}\u00bb][et_pb_row _builder_version=\u00bb4.24.0&#8243; _module_preset=\u00bbdefault\u00bb custom_margin=\u00bb||0px||false|false\u00bb custom_padding=\u00bb||0px||false|false\u00bb global_colors_info=\u00bb{}\u00bb][et_pb_column type=\u00bb4_4&#8243; _builder_version=\u00bb4.24.0&#8243; _module_preset=\u00bbdefault\u00bb global_colors_info=\u00bb{}\u00bb][et_pb_text _builder_version=\u00bb4.24.0&#8243; _module_preset=\u00bbdefault\u00bb text_orientation=\u00bbcenter\u00bb background_layout=\u00bbdark\u00bb custom_margin=\u00bb||15px||false|false\u00bb global_colors_info=\u00bb{}\u00bb]<\/p>\n<h2>Clientes satisfechos<\/h2>\n<p>[\/et_pb_text][\/et_pb_column][\/et_pb_row][et_pb_row _builder_version=\u00bb4.24.0&#8243; _module_preset=\u00bbdefault\u00bb width=\u00bb100%\u00bb max_width=\u00bb100%\u00bb custom_padding=\u00bb0px||0px||false|false\u00bb global_colors_info=\u00bb{}\u00bb][et_pb_column type=\u00bb4_4&#8243; _builder_version=\u00bb4.24.0&#8243; _module_preset=\u00bbdefault\u00bb global_colors_info=\u00bb{}\u00bb][gs_logo_slider shortcode=\u00bb1&#8243; _builder_version=\u00bb4.24.0&#8243; _module_preset=\u00bbdefault\u00bb global_colors_info=\u00bb{}\u00bb][\/gs_logo_slider][\/et_pb_column][\/et_pb_row][\/et_pb_section][et_pb_section fb_built=\u00bb1&#8243; _builder_version=\u00bb4.24.0&#8243; _module_preset=\u00bbdefault\u00bb global_module=\u00bb10721&#8243; saved_tabs=\u00bball\u00bb global_colors_info=\u00bb{}\u00bb][et_pb_row _builder_version=\u00bb4.24.0&#8243; _module_preset=\u00bbdefault\u00bb global_colors_info=\u00bb{}\u00bb][et_pb_column type=\u00bb4_4&#8243; _builder_version=\u00bb4.24.0&#8243; _module_preset=\u00bbdefault\u00bb global_colors_info=\u00bb{}\u00bb][et_pb_text _builder_version=\u00bb4.24.0&#8243; _module_preset=\u00bbdefault\u00bb text_orientation=\u00bbcenter\u00bb global_colors_info=\u00bb{}\u00bb]<\/p>\n<h2>Queremos contar tu historia<\/h2>\n<p>[\/et_pb_text][et_pb_cta title=\u00bbSabemos que tienes mucho que contar.\u00bb button_url=\u00bb@ET-DC@eyJkeW5hbWljIjp0cnVlLCJjb250ZW50IjoicG9zdF9saW5rX3VybF9wYWdlIiwic2V0dGluZ3MiOnsicG9zdF9pZCI6IjQ4NjUifX0=@\u00bb button_text=\u00bbContactar\u00bb _builder_version=\u00bb4.24.0&#8243; _dynamic_attributes=\u00bbbutton_url\u00bb _module_preset=\u00bbdefault\u00bb header_level=\u00bbh3&#8243; text_orientation=\u00bbcenter\u00bb module_alignment=\u00bbcenter\u00bb global_colors_info=\u00bb{}\u00bb]<\/p>\n<p>Conf\u00eda en PuntTV para dar vida e imagen a todo lo que quieres decir, pero no sabes como. Solo tienes que ponerte en contacto con nosotros, y nosotros nos encargamos del resto.<\/p>\n<p>[\/et_pb_cta][\/et_pb_column][\/et_pb_row][\/et_pb_section]<\/p>\n","protected":false},"excerpt":{"rendered":"<p>Punt TVContamos tu historia.Nuestros proyectos audiovisuales<div class=\"et_pb_module dipi_carousel dipi_carousel_0 text-scroll-inici\">\n\t\t\t\t\n\t\t\t\t\n\t\t\t\t\n\t\t\t\t\n\t\t\t\t\n\t\t\t\t\n\t\t\t\t<div class=\"et_pb_module_inner\">\n\t\t\t\t\t\n            <div class=\"dipi-carousel-main dipi_loading hide_lightbox hide_lightbox_tablet hide_lightbox_phone\" data-columnsdesktop='2' data-columnstablet='2' data-columnsphone='2' data-spacebetween='10' data-spacebetween_tablet='10' data-spacebetween_phone='10' data-speed='6000|6000|6000' data-navigation='off' data-navigation_t='off' data-navigation_m='off' data-pagination='off' data-pagination_t='off' data-pagination_m='off' data-autoplay_settigns='{\"loop_wide\":\"on\",\"autoplay_wide\":\"on\",\"continues_wide\":\"on\",\"autoplay_reverse_wide\":\"off\",\"pause_on_hover_wide\":\"off\",\"autoplay_speed_wide\":\"7000\",\"loop_mid\":\"off\",\"autoplay_mid\":\"off\",\"continues_mid\":\"off\",\"autoplay_reverse_mid\":\"off\",\"pause_on_hover_mid\":\"off\",\"autoplay_speed_mid\":\"5000\",\"loop_small\":\"off\",\"autoplay_small\":\"off\",\"continues_small\":\"off\",\"autoplay_reverse_small\":\"off\",\"pause_on_hover_small\":\"off\",\"autoplay_speed_small\":\"5000\"}' data-effect='slide' data-rotate='50' data-dynamicbullets='off' data-ordernumber='0' data-centered='off' data-shadow='on' data-continues='off' style=\"display:none;\">\n                <div class=\"swiper-container\">\n                    <div class=\"dipi-carousel-wrapper\">\n                        \n                    <\/div>\n                <\/div>\n                <div class=\"swiper-button-next swiper-arrow-button dipi-sbn0 \" data-icon=\"9\"><\/div>\n                <div class=\"swiper-button-prev swiper-arrow-button dipi-sbp0 \" data-icon=\"8\"><\/div>\n                \n                <div class=\"swiper-container-horizontal\">\n                    <div class=\"swiper-pagination dipi-sp0\"><\/div>\n                <\/div>\n            <\/div>\n\t\t\t\t<\/div>\n\t\t\t<\/div><div class=\"et_pb_module dipi_carousel_child dipi_carousel_child_0 swiper-slide\">\n\t\t\t\t\n\t\t\t\t\n\t\t\t\t\n\t\t\t\t\n\t\t\t\t\n\t\t\t\t\n\t\t\t\t<div class=\"et_pb_module_inner\">\n\t\t\t\t\t\n            <div class=\"dipi-carousel-child-wrapper\">\n                \n                \n                \n                <div class=\"dipi-carousel-item-content\">\n                    \n                    <h2 class=\"dipi-carousel-item-title\">we think.<\/h2>\n                    \n                    \n                    \n                <\/div>\n            <\/div>\n\t\t\t\t<\/div>\n\t\t\t<\/div><div class=\"et_pb_module dipi_carousel_child dipi_carousel_child_1 swiper-slide\">\n\t\t\t\t\n\t\t\t\t\n\t\t\t\t\n\t\t\t\t\n\t\t\t\t\n\t\t\t\t\n\t\t\t\t<div class=\"et_pb_module_inner\">\n\t\t\t\t\t\n            <div class=\"dipi-carousel-child-wrapper\">\n                \n                \n                \n                <div class=\"dipi-carousel-item-content\">\n                    \n                    <h2 class=\"dipi-carousel-item-title\">we shoot.<\/h2>\n                    \n                    \n                    \n                <\/div>\n            <\/div>\n\t\t\t\t<\/div>\n\t\t\t<\/div><div class=\"et_pb_module dipi_carousel_child dipi_carousel_child_2 swiper-slide\">\n\t\t\t\t\n\t\t\t\t\n\t\t\t\t\n\t\t\t\t\n\t\t\t\t\n\t\t\t\t\n\t\t\t\t<div class=\"et_pb_module_inner\">\n\t\t\t\t\t\n            <div class=\"dipi-carousel-child-wrapper\">\n                \n                \n                \n                <div class=\"dipi-carousel-item-content\">\n                    \n                    <h2 class=\"dipi-carousel-item-title\">we create your video.<\/h2>\n                    \n                    \n                    \n                <\/div>\n            <\/div>\n\t\t\t\t<\/div>\n\t\t\t<\/div><div class=\"et_pb_module dipi_carousel_child dipi_carousel_child_3 swiper-slide\">\n\t\t\t\t\n\t\t\t\t\n\t\t\t\t\n\t\t\t\t\n\t\t\t\t\n\t\t\t\t\n\t\t\t\t<div class=\"et_pb_module_inner\">\n\t\t\t\t\t\n            <div class=\"dipi-carousel-child-wrapper\">\n                \n                \n                \n                <div class=\"dipi-carousel-item-content\">\n                    \n                    <h2 class=\"dipi-carousel-item-title\">we think.<\/h2>\n                    \n                    \n                    \n                <\/div>\n            <\/div>\n\t\t\t\t<\/div>\n\t\t\t<\/div><div class=\"et_pb_module dipi_carousel_child dipi_carousel_child_4 swiper-slide\">\n\t\t\t\t\n\t\t\t\t\n\t\t\t\t\n\t\t\t\t\n\t\t\t\t\n\t\t\t\t\n\t\t\t\t<div class=\"et_pb_module_inner\">\n\t\t\t\t\t\n            <div class=\"dipi-carousel-child-wrapper\">\n                \n                \n                \n                \n                    \n                    \n                    \n                    \n                    \n                \n            <\/div>\n\t\t\t\t<\/div>\n\t\t\t<\/div><\/p>\n","protected":false},"author":2,"featured_media":0,"parent":0,"menu_order":0,"comment_status":"closed","ping_status":"closed","template":"","meta":{"_acf_changed":false,"_et_pb_use_builder":"on","_et_pb_old_content":"","_et_gb_content_width":"","content-type":"","footnotes":""},"dipi_cpt_category":[],"acf":[],"_links":{"self":[{"href":"https:\/\/www.produccions.tv\/es\/wp-json\/wp\/v2\/pages\/7336"}],"collection":[{"href":"https:\/\/www.produccions.tv\/es\/wp-json\/wp\/v2\/pages"}],"about":[{"href":"https:\/\/www.produccions.tv\/es\/wp-json\/wp\/v2\/types\/page"}],"author":[{"embeddable":true,"href":"https:\/\/www.produccions.tv\/es\/wp-json\/wp\/v2\/users\/2"}],"replies":[{"embeddable":true,"href":"https:\/\/www.produccions.tv\/es\/wp-json\/wp\/v2\/comments?post=7336"}],"version-history":[{"count":48,"href":"https:\/\/www.produccions.tv\/es\/wp-json\/wp\/v2\/pages\/7336\/revisions"}],"predecessor-version":[{"id":13096,"href":"https:\/\/www.produccions.tv\/es\/wp-json\/wp\/v2\/pages\/7336\/revisions\/13096"}],"wp:attachment":[{"href":"https:\/\/www.produccions.tv\/es\/wp-json\/wp\/v2\/media?parent=7336"}],"wp:term":[{"taxonomy":"dipi_cpt_category","embeddable":true,"href":"https:\/\/www.produccions.tv\/es\/wp-json\/wp\/v2\/dipi_cpt_category?post=7336"}],"curies":[{"name":"wp","href":"https:\/\/api.w.org\/{rel}","templated":true}]}}