{"id":7509,"date":"2020-02-10T17:14:43","date_gmt":"2020-02-10T17:14:43","guid":{"rendered":"https:\/\/www.produccions.tv\/avis-legal\/"},"modified":"2024-02-19T08:37:14","modified_gmt":"2024-02-19T09:37:14","slug":"aviso-legal","status":"publish","type":"page","link":"https:\/\/www.produccions.tv\/es\/aviso-legal\/","title":{"rendered":"Aviso legal"},"content":{"rendered":"<p>[et_pb_section fb_built=\u00bb1&#8243; custom_padding_last_edited=\u00bbon|phone\u00bb _builder_version=\u00bb4.24.0&#8243; background_color=\u00bb#232323&#8243; custom_margin=\u00bb||||false|false\u00bb custom_padding=\u00bb34px|78px|72px|78px|false|false\u00bb custom_padding_tablet=\u00bb|40px||40px|false|false\u00bb custom_padding_phone=\u00bb|20px||20px|false|false\u00bb global_colors_info=\u00bb{}\u00bb][et_pb_row _builder_version=\u00bb4.16&#8243; global_colors_info=\u00bb{}\u00bb][et_pb_column type=\u00bb4_4&#8243; _builder_version=\u00bb4.16&#8243; global_colors_info=\u00bb{}\u00bb][et_pb_text _builder_version=\u00bb4.24.0&#8243; background_layout=\u00bbdark\u00bb global_colors_info=\u00bb{}\u00bb]<\/p>\n<h1>Aviso legal<\/h1>\n<h2>0. Objeto y aceptaci\u00f3n<\/h2>\n<p>El presente aviso legal regula el uso y utilizaci\u00f3n del sitio web <a href=\"http:\/\/www.punttv.net\" target=\"_blank\" rel=\"noopener\">www.punttv.net<\/a> (en adelante, LA WEB), del que es titular PUNT TV COMUNICACIO AUDIVISUAL SL (en adelante, PUNT TV).<\/p>\n<p>La navegaci\u00f3n por el sitio web de PUNT TV le atribuye la condici\u00f3n de usuario del mismo y conlleva su aceptaci\u00f3n plena y sin reservas de todas y cada una de las condiciones publicadas en este aviso legal. Advirtiendo que estas condiciones pueden ser modificadas sin notificaci\u00f3n previa por parte de PUNT TV, en este caso se proceder\u00e1 a su publicaci\u00f3n y env\u00edo con la m\u00e1xima antelaci\u00f3n posible.<\/p>\n<p>Por ello es recomendable leer su contenido en caso de querer acceder y hacer uso de la informaci\u00f3n y de los servicios ofertados desde este sitio web.<\/p>\n<p>El usuario, adem\u00e1s, se obliga a hacer un uso correcto del sitio web de conformidad con las leyes, la buena fe, el orden p\u00fablico, los usos del tr\u00e1fico y el presente Aviso Legal. Responder\u00e1 frente a PUNT TV o frente a terceros, de cualquier da\u00f1o y perjuicio que pueda causarse como consecuencia del incumplimiento de esta obligaci\u00f3n.<\/p>\n<p>Cualquier utilizaci\u00f3n diferente de la autorizada est\u00e1 expresamente prohibida, PUNT TV puede denegar o retirar el acceso y su uso en cualquier momento.<\/p>\n<h2>1. Identificaci\u00f3n y comunicaci\u00f3n<\/h2>\n<p>EL PUNT TV en cumplimiento de la Ley 34\/2002, del 11 de julio, de Servicios de la Sociedad de la Informaci\u00f3n y del Comercio Electr\u00f3nico le informa que:<\/p>\n<ul>\n<li>Su denominaci\u00f3n social es: PUNT TV COMUNICACI\u00d3 AUDIOVISUAL SL.<\/li>\n<li>Su nombre comercial es: PUNT TV<\/li>\n<li>Su CIF es: B64517121<\/li>\n<li>Su domicilio social est\u00e1 en: C\/ Santa Digna, 7 1 &#8211; 08720 Vilafranca del Pened\u00e8s &#8211; Barcelona<\/li>\n<li>Inscrita en el Registro Mercantil de Barcelona T 39511, F 217, S 8, H B 348480, I\/A 2 (1.07.11).<\/li>\n<\/ul>\n<p>Para comunicarse con nosotros, tiene a su disposici\u00f3n diferentes medios de contacto que le detallamos a continuaci\u00f3n:<\/p>\n<ul>\n<li>Tel\u00e9fono: <a href=\"tel:938921531\">938921531<\/a><\/li>\n<li>E-mail: <a href=\"mailto:info@punttv.net\">info@punttv.net<\/a><\/li>\n<\/ul>\n<p>Todas las notificaciones y comunicaciones entre los usuarios y PUNT TV se considerar\u00e1n eficaces, a todos los efectos, cuando se realicen a trav\u00e9s de cualquier medio de los detallados anteriormente.<\/p>\n<h2>2. Condiciones de acceso y uso<\/h2>\n<p>El sitio web y sus servicios son de acceso libre y gratuito. No obstante, PUNT TV puede condicionar la utilizaci\u00f3n de algunos de los servicios ofrecidos en su web a la previa cumplimentaci\u00f3n del correspondiente formulario.<\/p>\n<p>El usuario garantiza la autenticidad y actualidad de todos aquellos datos que comunique a PUNT TV y ser\u00e1 el \u00fanico responsable de las manifestaciones falsas o inexactas que realice.<\/p>\n<p>El usuario se compromete expresamente a hacer un uso adecuado de los contenidos y servicios de PUNT TV y a no utilizarlos para, entre otros:<\/p>\n<ol>\n<li>Difundir contenidos delictivos, violentos, pornogr\u00e1ficos, racistas, xen\u00f3fobos, ofensivos, de apolog\u00eda del terrorismo o, en general, contrarios a la ley o al orden p\u00fablico.<\/li>\n<li>Introducir a la red virus inform\u00e1ticos o ejecutar acciones susceptibles de alterar, estropear, interrumpir o generar errores o da\u00f1os en los documentos electr\u00f3nicos, datos o sistemas f\u00edsicos y l\u00f3gicos de PUNT TV o de terceras personas; as\u00ed como obstaculizar el acceso de otros usuarios al sitio web y a sus servicios mediante el consumo masivo de los recursos inform\u00e1ticos a trav\u00e9s de los cuales PUNT TV presta sus servicios.<\/li>\n<li>Intentar acceder a las cuentas de correo electr\u00f3nico de otros usuarios o a \u00e1reas restringidas de los sistemas inform\u00e1ticos de PUNT TV o de terceros y, si es necesario, extraer informaci\u00f3n.<\/li>\n<li>Vulnerar los derechos de propiedad intelectual o industrial, as\u00ed como violar la confidencialidad de la informaci\u00f3n de PUNT TV o de terceros.<\/li>\n<li>Suplantar la identidad de cualquier otro usuario.<\/li>\n<li>Reproducir, copiar, distribuir, poner a disposici\u00f3n de, o cualquier otra forma de comunicaci\u00f3n p\u00fablica, transformar o modificar los contenidos, siempre que se cumpla con la autorizaci\u00f3n del titular de los derechos correspondientes o resulte legalmente permitido.<\/li>\n<li>Recoger datos con finalidad publicitaria y retirar publicidad de cualquier clase y comunicaciones con finalidades de venta u otras de naturaleza comercial sin que medie su previa solicitud o consentimiento.<\/li>\n<\/ol>\n<p>Todos los contenidos del sitio web, como textos, fotograf\u00edas, gr\u00e1ficos, im\u00e1genes, iconos, tecnolog\u00eda, programas, as\u00ed como su dise\u00f1o gr\u00e1fico y c\u00f3digos fuente, constituyen una obra cuya propiedad pertenece a PUNT TV, en el sentido de que se entienden cedidos al usuario todos los derechos de explotaci\u00f3n sobre los contenidos m\u00e1s all\u00e1 del estrictamente necesario para el correcto uso de la web.<\/p>\n<p>En definitiva, los usuarios que accedan a este sitio web pueden visualizar los contenidos y efectuar, si as\u00ed lo desean, copias privadas autorizadas siempre que los elementos reproducidos no sean cedidos posteriormente a terceros, ni se instalen en servidores conectados a terceros, ni sean objeto de ning\u00fan tipo de explotaci\u00f3n.<\/p>\n<p>As\u00ed mismo, todas las marcas, nombres comerciales o signos distintivos de cualquier clase que aparezcan en el sitio web son propiedad de PUNT TV, sin que ello suponga que el uso o acceso al mismo atribuya al usuario alg\u00fan derecho sobre los mismos.<\/p>\n<p>La distribuci\u00f3n, modificaci\u00f3n, cesi\u00f3n o comunicaci\u00f3n p\u00fablica de los contenidos y cualquier otro acto que no haya sido expresamente autorizado por el titular de los derechos de explotaci\u00f3n quedan prohibidos.<\/p>\n<p>El establecimiento de un enlace no implica en ning\u00fan caso la existencia de relaciones entre PUNT TV y el propietario del sitio web en el que se establezca, ni la aceptaci\u00f3n y aceptaci\u00f3n por parte de PUNT TV de sus contenidos o servicios.<\/p>\n<p>PUNT TV no es responsable del uso que cada usuario haga de los materiales puestos a disposici\u00f3n en este sitio web ni de las acciones que realice sobre la base de los mismos.<\/p>\n<h2>3. Exclusi\u00f3n de garant\u00edas y de responsabilidad<\/h2>\n<p>El contenido del presente sitio web es de car\u00e1cter general y tiene una finalidad meramente informativa, sin que se garantice plenamente el acceso a todos los contenidos, ni su exhaustividad, correcci\u00f3n, vigencia o actualidad, ni su idoneidad o utilidad para un objetivo espec\u00edfico.<\/p>\n<p>PUNT TV excluye, hasta donde permite el ordenamiento jur\u00eddico, cualquier responsabilidad por los da\u00f1os y perjuicios de cualquier naturaleza derivados de:<\/p>\n<ol>\n<li>a) La imposibilidad de acceso al sitio web o la falta de veracidad, exactitud, exhaustividad y\/o actualidad de los contenidos, as\u00ed como la existencia de vicios y defectos de toda clase de los contenidos transmitidos, difundidos, almacenados, puestos a disposici\u00f3n, a los que se tenga acceso a trav\u00e9s del sitio web o de los servicios que se oferten.<\/li>\n<li>b) La presencia de virus o de otros elementos en los contenidos que puedan producir alteraciones en los sistemas inform\u00e1ticos, documentos electr\u00f3nicos o datos de los usuarios.<\/li>\n<li>c) El incumplimiento de las leyes, la buena fe, el orden p\u00fablico, los usos del tr\u00e1fico y el presente aviso legal como consecuencia del uso incorrecto del sitio web. En particular, y de manera ejemplar, PUNT TV no se hace responsable de las actuaciones de terceros que vulneren derechos de propiedad intelectual e industrial, secretos empresariales, derechos al honor, a la intimidad personal y familiar y a la privacidad corporativa, as\u00ed como la normativa en materia de competencia desleal y publicidad il\u00edcita.<\/li>\n<\/ol>\n<p>Asimismo, PUNT TV declina cualquier responsabilidad respecto a la informaci\u00f3n que se encuentre fuera de esta web y no sea gestionada directamente por nuestro webmaster (administrador del sitio web). La funci\u00f3n de los enlaces que aparecen en esta web es exclusivamente la de informar al usuario sobre la existencia de otras fuentes susceptibles de ampliar los contenidos que ofrece este sitio web. PUNT TV no garantiza ni se responsabiliza del funcionamiento o accesibilidad de los sitios web enlazados; ni sugiere, invita o recomienda la visita a los mismos, por lo que tampoco ser\u00e1 responsable del resultado obtenido. PUNT TV no es responsable del establecimiento de enlaces por parte de terceros.<\/p>\n<h2>4. Procedimiento en caso de realizaci\u00f3n de actividades de car\u00e1cter il\u00edcito<\/h2>\n<p>En el caso de que cualquier usuario o un tercero considere que existen hechos o circunstancias que revelen el car\u00e1cter il\u00edcito de la utilizaci\u00f3n de cualquier contenido y\/o de la realizaci\u00f3n de cualquier actividad en las p\u00e1ginas web incluidas o accesibles a trav\u00e9s del sitio web, deber\u00e1 enviar una notificaci\u00f3n a PUNT TV identific\u00e1ndose debidamente y especificando las posibles infracciones y declarando expresamente y bajo su responsabilidad que la informaci\u00f3n proporcionada en la notificaci\u00f3n es exacta.<\/p>\n<p>Para cualquier litigio que incumba al sitio web de PUNT TV, ser\u00e1 aplicable la legislaci\u00f3n espa\u00f1ola, siendo competentes los Juzgados y Tribunales de Barcelona (Espa\u00f1a).<\/p>\n<h2>5. Publicaciones<\/h2>\n<p>La informaci\u00f3n administrativa facilitada a trav\u00e9s del sitio web no sustituye la publicidad legal de las leyes, normas, planes, disposiciones generales y actos que deban publicarse formalmente en los diarios oficiales de las administraciones p\u00fablicas, que constituyen el \u00fanico instrumento que da fe de su autenticidad y contenido. La informaci\u00f3n disponible en este sitio web debe entenderse como una gu\u00eda sin prop\u00f3sito de validez legal.<\/p>\n<p>[\/et_pb_text][\/et_pb_column][\/et_pb_row][\/et_pb_section]<\/p>\n","protected":false},"excerpt":{"rendered":"<p>Aviso legal 0. Objeto y aceptaci\u00f3n El presente aviso legal regula el uso y utilizaci\u00f3n del sitio web www.punttv.net (en adelante, LA WEB), del que es titular PUNT TV COMUNICACIO AUDIVISUAL SL (en adelante, PUNT TV). La navegaci\u00f3n por el sitio web de PUNT TV le atribuye la condici\u00f3n de usuario del mismo y conlleva [&hellip;]<\/p>\n","protected":false},"author":2,"featured_media":0,"parent":0,"menu_order":0,"comment_status":"closed","ping_status":"closed","template":"","meta":{"_acf_changed":false,"_et_pb_use_builder":"on","_et_pb_old_content":"","_et_gb_content_width":"","content-type":"","footnotes":""},"dipi_cpt_category":[],"acf":[],"_links":{"self":[{"href":"https:\/\/www.produccions.tv\/es\/wp-json\/wp\/v2\/pages\/7509"}],"collection":[{"href":"https:\/\/www.produccions.tv\/es\/wp-json\/wp\/v2\/pages"}],"about":[{"href":"https:\/\/www.produccions.tv\/es\/wp-json\/wp\/v2\/types\/page"}],"author":[{"embeddable":true,"href":"https:\/\/www.produccions.tv\/es\/wp-json\/wp\/v2\/users\/2"}],"replies":[{"embeddable":true,"href":"https:\/\/www.produccions.tv\/es\/wp-json\/wp\/v2\/comments?post=7509"}],"version-history":[{"count":13,"href":"https:\/\/www.produccions.tv\/es\/wp-json\/wp\/v2\/pages\/7509\/revisions"}],"predecessor-version":[{"id":12020,"href":"https:\/\/www.produccions.tv\/es\/wp-json\/wp\/v2\/pages\/7509\/revisions\/12020"}],"wp:attachment":[{"href":"https:\/\/www.produccions.tv\/es\/wp-json\/wp\/v2\/media?parent=7509"}],"wp:term":[{"taxonomy":"dipi_cpt_category","embeddable":true,"href":"https:\/\/www.produccions.tv\/es\/wp-json\/wp\/v2\/dipi_cpt_category?post=7509"}],"curies":[{"name":"wp","href":"https:\/\/api.w.org\/{rel}","templated":true}]}}